{"id":1319,"date":"2019-01-21T14:05:40","date_gmt":"2019-01-21T14:05:40","guid":{"rendered":"https:\/\/test.renovatinginumbria.com\/over-ons\/onze-kernwaarden\/"},"modified":"2019-01-30T22:16:36","modified_gmt":"2019-01-30T22:16:36","slug":"onze-kernwaarden","status":"publish","type":"page","link":"https:\/\/renovatinginumbria.com\/nl\/over-ons\/onze-kernwaarden\/","title":{"rendered":"Onze Kernwaarden"},"content":{"rendered":"<p>[vc_row][vc_column][vc_row_inner][vc_column_inner width=&#8221;1\/4&#8243;][vc_icon icon_fontawesome=&#8221;fa fa-handshake-o&#8221; color=&#8221;peacoc&#8221; background_style=&#8221;rounded-outline&#8221; background_color=&#8221;peacoc&#8221; size=&#8221;xl&#8221; align=&#8221;center&#8221; css=&#8221;.vc_custom_1547429244021{margin-top: 30px !important;margin-bottom: 10px !important;}&#8221;][\/vc_column_inner][vc_column_inner width=&#8221;3\/4&#8243;][vc_custom_heading text=&#8221;Integriteit&#8221; font_container=&#8221;tag:h3|text_align:left&#8221; use_theme_fonts=&#8221;yes&#8221; css=&#8221;.vc_custom_1547430261228{margin-bottom: 0px !important;}&#8221;][vc_column_text]Een traditie van ethisch en transparant zaken doen is de hoeksteen van onze bedrijfsfilosofie en het fundament van onze gehele organisatie. Onze klanten willen betrouwbare, verantwoordelijke en goed opgeleide mensen om mee te werken. We hebben de \u2018Renoveren in Umbri\u00eb\u2019 groep voor dat ene doel samengebracht. Zo zijn we ervan verzekerd dat alle betrokkenen deze waarden delen.[\/vc_column_text][\/vc_column_inner][\/vc_row_inner][vc_empty_space height=&#8221;25px&#8221;][vc_row_inner][vc_column_inner width=&#8221;1\/4&#8243;][vc_icon type=&#8221;typicons&#8221; icon_typicons=&#8221;typcn typcn-eye-outline&#8221; color=&#8221;peacoc&#8221; background_style=&#8221;rounded-outline&#8221; background_color=&#8221;peacoc&#8221; size=&#8221;xl&#8221; align=&#8221;center&#8221; css=&#8221;.vc_custom_1547429287274{margin-top: 30px !important;margin-bottom: 10px !important;}&#8221;][\/vc_column_inner][vc_column_inner width=&#8221;3\/4&#8243;][vc_custom_heading text=&#8221;Visie&#8221; font_container=&#8221;tag:h3|text_align:left&#8221; use_theme_fonts=&#8221;yes&#8221; css=&#8221;.vc_custom_1547430240613{margin-bottom: 0px !important;}&#8221;][vc_column_text]Visie is een plaatje van de toekomst gecre\u00eberd vanuit passie! Vanaf dag \u00e9\u00e9n identificeren we het doel van onze cli\u00ebnt en visualiseren we innovatieve oplossingen, gebruik makend van precieze planning en pro-actieve communicatie om ongekende resultaten te behalen. Met onze ervaring, kennis, vaardigheid en door de sterke band met de regio en tradities kan onze passie onze visie ten uitvoer brengen![\/vc_column_text][\/vc_column_inner][\/vc_row_inner][vc_empty_space height=&#8221;25px&#8221;][vc_row_inner][vc_column_inner width=&#8221;1\/4&#8243;][vc_icon type=&#8221;material&#8221; icon_material=&#8221;vc-material vc-material-euro_symbol&#8221; color=&#8221;peacoc&#8221; background_style=&#8221;rounded-outline&#8221; background_color=&#8221;peacoc&#8221; size=&#8221;xl&#8221; align=&#8221;center&#8221; css=&#8221;.vc_custom_1547429319822{margin-top: 30px !important;margin-bottom: 10px !important;}&#8221;][\/vc_column_inner][vc_column_inner width=&#8221;3\/4&#8243;][vc_custom_heading text=&#8221;Budgettering&#8221; font_container=&#8221;tag:h3|text_align:left&#8221; use_theme_fonts=&#8221;yes&#8221; css=&#8221;.vc_custom_1547430331731{margin-bottom: 0px !important;}&#8221;][vc_column_text]Voor de meeste cli\u00ebnten is renoveren en bouwen onontgonnen terrein. Een lijst met wensen en dromen zijn het leuke en creatieve deel, maar de werkelijkheid en budgettering kunnen soms erg tegenvallen. Door iedere stap zorgvuldig te plannen en het gaande houden van een constante dialoog met zowel de cli\u00ebnt als de uitvoerders kunnen we het financi\u00eble deel zonder enig probleem of uitdaging in de hand houden. En een veilige en prettige ervaring voor alle betrokken partijen garanderen.[\/vc_column_text][\/vc_column_inner][\/vc_row_inner][vc_empty_space height=&#8221;25px&#8221;][vc_row_inner][vc_column_inner width=&#8221;1\/4&#8243;][vc_icon icon_fontawesome=&#8221;fa fa-whatsapp&#8221; color=&#8221;peacoc&#8221; background_style=&#8221;rounded-outline&#8221; background_color=&#8221;peacoc&#8221; size=&#8221;xl&#8221; align=&#8221;center&#8221; css=&#8221;.vc_custom_1547429623093{margin-top: 30px !important;}&#8221;][\/vc_column_inner][vc_column_inner width=&#8221;3\/4&#8243;][vc_custom_heading text=&#8221;Beschikbaareheid&#8221; font_container=&#8221;tag:h3|text_align:left&#8221; use_theme_fonts=&#8221;yes&#8221; css=&#8221;.vc_custom_1547430209519{margin-bottom: 0px !important;}&#8221;][vc_column_text css=&#8221;.vc_custom_1547430041072{margin-bottom: 0px !important;}&#8221;]We zijn niet alleen gek op communiceren, we moeten communiceren! Skype, Whatsapp, email, telefoon, noem het maar op en we zijn er bereikbaar, 24\/7. We werken voor en met onze klant en moeten precies weten hoe de dromen eruit zien. Ook wanneer de klant in het buitenland woont of verblijft. Wij vragen onze klant zoveel mogelijk informatie en gedachten met ons te delen, alleen dan zijn wij in staat dromen om te zetten in werkelijkheid met alles erop en eraan.[\/vc_column_text][\/vc_column_inner][\/vc_row_inner][vc_empty_space height=&#8221;25px&#8221;][vc_row_inner][vc_column_inner width=&#8221;1\/4&#8243;][vc_icon type=&#8221;material&#8221; icon_material=&#8221;vc-material vc-material-people&#8221; color=&#8221;peacoc&#8221; background_style=&#8221;rounded-outline&#8221; background_color=&#8221;peacoc&#8221; size=&#8221;xl&#8221; align=&#8221;center&#8221; css=&#8221;.vc_custom_1547429764719{margin-top: 30px !important;}&#8221;][\/vc_column_inner][vc_column_inner width=&#8221;3\/4&#8243;][vc_custom_heading text=&#8221;Mensen&#8221; font_container=&#8221;tag:h3|text_align:left&#8221; use_theme_fonts=&#8221;yes&#8221; css=&#8221;.vc_custom_1547430188293{margin-bottom: 0px !important;}&#8221;][vc_column_text]Onze groep is ons succes door het gezamenlijk kunnen leveren van hoge kwaliteit op maat gemaakt werk. We streven voortdurend naar het aantrekken en vasthouden van getalenteerde professionals die onze normen en waarden delen. Samen kunnen we ieder willekeurig project aan en doordat we gewend zijn samen te werken verliezen we geen tijd en vullen we elkaars kennis en ervaring aan.[\/vc_column_text][\/vc_column_inner][\/vc_row_inner][vc_empty_space height=&#8221;25px&#8221;][vc_row_inner][vc_column_inner width=&#8221;1\/4&#8243;][vc_icon type=&#8221;material&#8221; icon_material=&#8221;vc-material vc-material-verified_user&#8221; color=&#8221;peacoc&#8221; background_style=&#8221;rounded-outline&#8221; background_color=&#8221;peacoc&#8221; size=&#8221;xl&#8221; align=&#8221;center&#8221; css=&#8221;.vc_custom_1547429839529{margin-top: 30px !important;}&#8221;][\/vc_column_inner][vc_column_inner width=&#8221;3\/4&#8243;][vc_custom_heading text=&#8221;Veiligheid&#8221; font_container=&#8221;tag:h3|text_align:left&#8221; use_theme_fonts=&#8221;yes&#8221; css=&#8221;.vc_custom_1547430176495{margin-bottom: 0px !important;}&#8221;][vc_column_text]Wij zijn voortdurend gefocust op het naleven van alle veiligheidsrichtlijnen zowel voor onze eigen mensen als het eindresultaat van een project. Veiligheid is vanzelfsprekend enorm belangrijk en dus werken we enkel met de juiste mensen, met materialen van hoge kwaliteit, volgens de juiste berekeningen, en volgens beproefde methodes. Het volgen van alle regels verzekert ons er tevens van dat de bouw ongehinderd doorgang kan vinden.[\/vc_column_text][\/vc_column_inner][\/vc_row_inner][vc_empty_space height=&#8221;25px&#8221;][vc_row_inner][vc_column_inner width=&#8221;1\/4&#8243;][vc_icon type=&#8221;material&#8221; icon_material=&#8221;vc-material vc-material-thumb_up&#8221; color=&#8221;peacoc&#8221; background_style=&#8221;rounded-outline&#8221; background_color=&#8221;peacoc&#8221; size=&#8221;xl&#8221; align=&#8221;center&#8221; css=&#8221;.vc_custom_1547429890107{margin-top: 30px !important;}&#8221;][\/vc_column_inner][vc_column_inner width=&#8221;3\/4&#8243;][vc_custom_heading text=&#8221;Kwaliteit&#8221; font_container=&#8221;tag:h3|text_align:left&#8221; use_theme_fonts=&#8221;yes&#8221; css=&#8221;.vc_custom_1547430161814{margin-bottom: 0px !important;}&#8221;][vc_column_text]Wij leveren sublieme service door sterk teamwerk, ervaring, verantwoordelijkheid en innovatie. Dat reflecteert natuurlijk in de kwaliteit van ons werk. We willen niet enkel het werk uitvoeren, wij willen het goed doen! Om dit te bevestigen delen onze voormalige klanten met veel plezier hun ervaring met potenti\u00eble klanten, en zij zullen een ieder er met gemak van overtuigend dat we inderdaad op een plezierig wijze uitstekend kwaliteitswerk leveren.[\/vc_column_text][\/vc_column_inner][\/vc_row_inner][vc_empty_space height=&#8221;25px&#8221;][vc_row_inner][vc_column_inner width=&#8221;1\/4&#8243;][vc_icon icon_fontawesome=&#8221;fa fa-lightbulb-o&#8221; color=&#8221;peacoc&#8221; background_style=&#8221;rounded-outline&#8221; background_color=&#8221;peacoc&#8221; size=&#8221;xl&#8221; align=&#8221;center&#8221; css=&#8221;.vc_custom_1547429969895{margin-top: 30px !important;}&#8221;][\/vc_column_inner][vc_column_inner width=&#8221;3\/4&#8243;][vc_custom_heading text=&#8221;Innovatie&#8221; font_container=&#8221;tag:h3|text_align:left&#8221; use_theme_fonts=&#8221;yes&#8221; css=&#8221;.vc_custom_1547469778388{margin-bottom: 0px !important;}&#8221;][vc_column_text]We zijn voortdurend op zoek naar nieuwe en ondernemende manieren om op basis van technologie of processen aan de verwachtingen van onze cli\u00ebnten te voldoen of deze zelfs te overtreffen. Omdat producten en de manier van leven wereldwijd met sneltreinvaart veranderen is ons doel om de laatste trends te volgen en om nieuwe concepten in te voeren om schitterende panden te bouwen die klaar zijn voor de toekomst.[\/vc_column_text][\/vc_column_inner][\/vc_row_inner][\/vc_column][\/vc_row]<\/p>\n","protected":false},"excerpt":{"rendered":"<p>[vc_row][vc_column][vc_row_inner][vc_column_inner width=&#8221;1\/4&#8243;][vc_icon icon_fontawesome=&#8221;fa fa-handshake-o&#8221; color=&#8221;peacoc&#8221; background_style=&#8221;rounded-outline&#8221; background_color=&#8221;peacoc&#8221; size=&#8221;xl&#8221; align=&#8221;center&#8221; css=&#8221;.vc_custom_1547429244021{margin-top: 30px !important;margin-bottom: 10px !important;}&#8221;][\/vc_column_inner][vc_column_inner width=&#8221;3\/4&#8243;][vc_custom_heading text=&#8221;Integriteit&#8221; font_container=&#8221;tag:h3|text_align:left&#8221; use_theme_fonts=&#8221;yes&#8221; css=&#8221;.vc_custom_1547430261228{margin-bottom: 0px !important;}&#8221;][vc_column_text]Een &#8230;<\/p>\n","protected":false},"author":1,"featured_media":0,"parent":1281,"menu_order":0,"comment_status":"closed","ping_status":"closed","template":"","meta":[],"yoast_head":"<!-- This site is optimized with the Yoast SEO plugin v20.6 - https:\/\/yoast.com\/wordpress\/plugins\/seo\/ -->\n<title>Renovating in Umbria<\/title>\n<meta name=\"description\" content=\"Onze Kernwaarden - Renovating in Umbria\" \/>\n<meta name=\"robots\" content=\"index, follow, max-snippet:-1, max-image-preview:large, max-video-preview:-1\" \/>\n<link rel=\"canonical\" href=\"https:\/\/renovatinginumbria.com\/nl\/over-ons\/onze-kernwaarden\/\" \/>\n<meta property=\"og:locale\" content=\"nl_NL\" \/>\n<meta property=\"og:type\" content=\"article\" \/>\n<meta property=\"og:description\" content=\"Onze Kernwaarden - Renovating in Umbria\" \/>\n<meta property=\"og:url\" content=\"https:\/\/renovatinginumbria.com\/nl\/over-ons\/onze-kernwaarden\/\" \/>\n<meta property=\"og:site_name\" content=\"Renovating in Umbria\" \/>\n<meta property=\"article:publisher\" content=\"https:\/\/www.facebook.com\/renovatinginumbria\" \/>\n<meta property=\"article:modified_time\" content=\"2019-01-30T22:16:36+00:00\" \/>\n<meta name=\"twitter:card\" content=\"summary_large_image\" \/>\n<meta name=\"twitter:label1\" content=\"Geschatte leestijd\" \/>\n\t<meta name=\"twitter:data1\" content=\"6 minuten\" \/>\n<script type=\"application\/ld+json\" class=\"yoast-schema-graph\">{\"@context\":\"https:\/\/schema.org\",\"@graph\":[{\"@type\":\"WebPage\",\"@id\":\"https:\/\/renovatinginumbria.com\/nl\/over-ons\/onze-kernwaarden\/\",\"url\":\"https:\/\/renovatinginumbria.com\/nl\/over-ons\/onze-kernwaarden\/\",\"name\":\"\",\"isPartOf\":{\"@id\":\"https:\/\/renovatinginumbria.com\/#website\"},\"datePublished\":\"2019-01-21T14:05:40+00:00\",\"dateModified\":\"2019-01-30T22:16:36+00:00\",\"description\":\"Onze Kernwaarden - Renovating in Umbria\",\"breadcrumb\":{\"@id\":\"https:\/\/renovatinginumbria.com\/nl\/over-ons\/onze-kernwaarden\/#breadcrumb\"},\"inLanguage\":\"nl\",\"potentialAction\":[{\"@type\":\"ReadAction\",\"target\":[\"https:\/\/renovatinginumbria.com\/nl\/over-ons\/onze-kernwaarden\/\"]}]},{\"@type\":\"BreadcrumbList\",\"@id\":\"https:\/\/renovatinginumbria.com\/nl\/over-ons\/onze-kernwaarden\/#breadcrumb\",\"itemListElement\":[{\"@type\":\"ListItem\",\"position\":1,\"name\":\"Home\",\"item\":\"https:\/\/renovatinginumbria.com\/nl\/\"},{\"@type\":\"ListItem\",\"position\":2,\"name\":\"Over Ons\",\"item\":\"https:\/\/renovatinginumbria.com\/nl\/over-ons\/\"},{\"@type\":\"ListItem\",\"position\":3,\"name\":\"Onze Kernwaarden\"}]},{\"@type\":\"WebSite\",\"@id\":\"https:\/\/renovatinginumbria.com\/#website\",\"url\":\"https:\/\/renovatinginumbria.com\/\",\"name\":\"Renovating in Umbria\",\"description\":\"Constructing and Renovating Houses and Ruins in Umbria and Tuscany, Italy\",\"publisher\":{\"@id\":\"https:\/\/renovatinginumbria.com\/#organization\"},\"potentialAction\":[{\"@type\":\"SearchAction\",\"target\":{\"@type\":\"EntryPoint\",\"urlTemplate\":\"https:\/\/renovatinginumbria.com\/?s={search_term_string}\"},\"query-input\":\"required name=search_term_string\"}],\"inLanguage\":\"nl\"},{\"@type\":\"Organization\",\"@id\":\"https:\/\/renovatinginumbria.com\/#organization\",\"name\":\"Renovating in Umbria\",\"url\":\"https:\/\/renovatinginumbria.com\/\",\"logo\":{\"@type\":\"ImageObject\",\"inLanguage\":\"nl\",\"@id\":\"https:\/\/renovatinginumbria.com\/#\/schema\/logo\/image\/\",\"url\":\"https:\/\/renovatinginumbria.com\/wp-content\/uploads\/2019\/01\/Logo-Renovating-in-Umbria-Phone-Retina-Icon.png\",\"contentUrl\":\"https:\/\/renovatinginumbria.com\/wp-content\/uploads\/2019\/01\/Logo-Renovating-in-Umbria-Phone-Retina-Icon.png\",\"width\":114,\"height\":114,\"caption\":\"Renovating in Umbria\"},\"image\":{\"@id\":\"https:\/\/renovatinginumbria.com\/#\/schema\/logo\/image\/\"},\"sameAs\":[\"https:\/\/www.facebook.com\/renovatinginumbria\",\"https:\/\/www.instagram.com\/renovatinginumbria\/\",\"https:\/\/www.pinterest.com\/renovatinginumb\/\",\"https:\/\/www.youtube.com\/channel\/UC6qgk1Wya7unXxZeZfTklUg\"]}]}<\/script>\n<!-- \/ Yoast SEO plugin. -->","yoast_head_json":{"title":"Renovating in Umbria","description":"Onze Kernwaarden - Renovating in Umbria","robots":{"index":"index","follow":"follow","max-snippet":"max-snippet:-1","max-image-preview":"max-image-preview:large","max-video-preview":"max-video-preview:-1"},"canonical":"https:\/\/renovatinginumbria.com\/nl\/over-ons\/onze-kernwaarden\/","og_locale":"nl_NL","og_type":"article","og_description":"Onze Kernwaarden - Renovating in Umbria","og_url":"https:\/\/renovatinginumbria.com\/nl\/over-ons\/onze-kernwaarden\/","og_site_name":"Renovating in Umbria","article_publisher":"https:\/\/www.facebook.com\/renovatinginumbria","article_modified_time":"2019-01-30T22:16:36+00:00","twitter_card":"summary_large_image","twitter_misc":{"Geschatte leestijd":"6 minuten"},"schema":{"@context":"https:\/\/schema.org","@graph":[{"@type":"WebPage","@id":"https:\/\/renovatinginumbria.com\/nl\/over-ons\/onze-kernwaarden\/","url":"https:\/\/renovatinginumbria.com\/nl\/over-ons\/onze-kernwaarden\/","name":"","isPartOf":{"@id":"https:\/\/renovatinginumbria.com\/#website"},"datePublished":"2019-01-21T14:05:40+00:00","dateModified":"2019-01-30T22:16:36+00:00","description":"Onze Kernwaarden - Renovating in Umbria","breadcrumb":{"@id":"https:\/\/renovatinginumbria.com\/nl\/over-ons\/onze-kernwaarden\/#breadcrumb"},"inLanguage":"nl","potentialAction":[{"@type":"ReadAction","target":["https:\/\/renovatinginumbria.com\/nl\/over-ons\/onze-kernwaarden\/"]}]},{"@type":"BreadcrumbList","@id":"https:\/\/renovatinginumbria.com\/nl\/over-ons\/onze-kernwaarden\/#breadcrumb","itemListElement":[{"@type":"ListItem","position":1,"name":"Home","item":"https:\/\/renovatinginumbria.com\/nl\/"},{"@type":"ListItem","position":2,"name":"Over Ons","item":"https:\/\/renovatinginumbria.com\/nl\/over-ons\/"},{"@type":"ListItem","position":3,"name":"Onze Kernwaarden"}]},{"@type":"WebSite","@id":"https:\/\/renovatinginumbria.com\/#website","url":"https:\/\/renovatinginumbria.com\/","name":"Renovating in Umbria","description":"Constructing and Renovating Houses and Ruins in Umbria and Tuscany, Italy","publisher":{"@id":"https:\/\/renovatinginumbria.com\/#organization"},"potentialAction":[{"@type":"SearchAction","target":{"@type":"EntryPoint","urlTemplate":"https:\/\/renovatinginumbria.com\/?s={search_term_string}"},"query-input":"required name=search_term_string"}],"inLanguage":"nl"},{"@type":"Organization","@id":"https:\/\/renovatinginumbria.com\/#organization","name":"Renovating in Umbria","url":"https:\/\/renovatinginumbria.com\/","logo":{"@type":"ImageObject","inLanguage":"nl","@id":"https:\/\/renovatinginumbria.com\/#\/schema\/logo\/image\/","url":"https:\/\/renovatinginumbria.com\/wp-content\/uploads\/2019\/01\/Logo-Renovating-in-Umbria-Phone-Retina-Icon.png","contentUrl":"https:\/\/renovatinginumbria.com\/wp-content\/uploads\/2019\/01\/Logo-Renovating-in-Umbria-Phone-Retina-Icon.png","width":114,"height":114,"caption":"Renovating in Umbria"},"image":{"@id":"https:\/\/renovatinginumbria.com\/#\/schema\/logo\/image\/"},"sameAs":["https:\/\/www.facebook.com\/renovatinginumbria","https:\/\/www.instagram.com\/renovatinginumbria\/","https:\/\/www.pinterest.com\/renovatinginumb\/","https:\/\/www.youtube.com\/channel\/UC6qgk1Wya7unXxZeZfTklUg"]}]}},"_links":{"self":[{"href":"https:\/\/renovatinginumbria.com\/nl\/wp-json\/wp\/v2\/pages\/1319"}],"collection":[{"href":"https:\/\/renovatinginumbria.com\/nl\/wp-json\/wp\/v2\/pages"}],"about":[{"href":"https:\/\/renovatinginumbria.com\/nl\/wp-json\/wp\/v2\/types\/page"}],"author":[{"embeddable":true,"href":"https:\/\/renovatinginumbria.com\/nl\/wp-json\/wp\/v2\/users\/1"}],"replies":[{"embeddable":true,"href":"https:\/\/renovatinginumbria.com\/nl\/wp-json\/wp\/v2\/comments?post=1319"}],"version-history":[{"count":0,"href":"https:\/\/renovatinginumbria.com\/nl\/wp-json\/wp\/v2\/pages\/1319\/revisions"}],"up":[{"embeddable":true,"href":"https:\/\/renovatinginumbria.com\/nl\/wp-json\/wp\/v2\/pages\/1281"}],"wp:attachment":[{"href":"https:\/\/renovatinginumbria.com\/nl\/wp-json\/wp\/v2\/media?parent=1319"}],"curies":[{"name":"wp","href":"https:\/\/api.w.org\/{rel}","templated":true}]}}