{"id":1317,"date":"2019-01-21T13:59:52","date_gmt":"2019-01-21T13:59:52","guid":{"rendered":"https:\/\/test.renovatinginumbria.com\/over-ons\/over-onze-expertise\/"},"modified":"2019-01-30T22:16:53","modified_gmt":"2019-01-30T22:16:53","slug":"onze-expertise","status":"publish","type":"page","link":"https:\/\/renovatinginumbria.com\/nl\/over-ons\/onze-expertise\/","title":{"rendered":"Onze Expertise"},"content":{"rendered":"<p>[vc_row][vc_column css=&#8221;.vc_custom_1547682397578{margin-left: 30px !important;}&#8221;]\n\t<div class=\"custom-heading wpb_content_element \">\n\t\t<h2 class=\"heading-title\"  style=\"color: #004f77;\">Our Expertise<\/h2>\n\t\t<span class=\"heading-line primary\"><\/span>\n\t<\/div>[vc_column_text]Bouwen in Umbri\u00eb omvat vrijwel altijd het gebruik van traditionele materialen zoals steen, bakstenen en houten balken alsmede traditionele ontwerpen. Dit kan betrekking hebben op de structurele delen, de binnen- of buitenkant of zelfs op de details de we aanbrengen. Omdat we bijna allemaal geboren en getogen zijn in Umbri\u00eb hebben we deze tradities en gebruiken in ons DNA zitten. Omdat we echter ook innovatief zijn en van uitdagingen houden kunnen we onze cli\u00ebnten de mogelijkheid bieden oud en nieuw te combineren. En een goed doordacht contrast tussen traditionele en modern eigentijdse materialen alsmede design staat garant voor een schitterend op maat gemaakt eindresultaat.[\/vc_column_text][vc_row_inner][vc_column_inner width=&#8221;1\/4&#8243;][vc_icon type=&#8221;material&#8221; icon_material=&#8221;vc-material vc-material-home&#8221; color=&#8221;peacoc&#8221; background_style=&#8221;rounded-outline&#8221; background_color=&#8221;peacoc&#8221; size=&#8221;xl&#8221; align=&#8221;center&#8221; css=&#8221;.vc_custom_1547423335726{margin-top: 30px !important;margin-bottom: 10px !important;}&#8221;][\/vc_column_inner][vc_column_inner width=&#8221;3\/4&#8243;][vc_custom_heading text=&#8221;Woningen&#8221; font_container=&#8221;tag:h3|text_align:left|line_height:bold&#8221; use_theme_fonts=&#8221;yes&#8221; css=&#8221;.vc_custom_1547488300716{margin-bottom: 0px !important;}&#8221;][vc_column_text]\u2018A man\u2019s home is his castle\u2019 zegt men in het Engels en wij zijn het daar helemaal mee eens. Wij zorgen er dan ook voor dat de dromen van onze klanten bewaarheid worden binnen vooraf met de klant vastgestelde randvoorwaarden zoals het budget, een tijdsbestek, de uitvoering etc. Van schets tot woonplezier, van bouwval tot kasteel, Renovating in Umbria: alles in \u00e9\u00e9n hand, door \u00e9\u00e9n groep, met \u00e9\u00e9n contact.[\/vc_column_text][\/vc_column_inner][\/vc_row_inner][vc_empty_space height=&#8221;25px&#8221;][vc_row_inner][vc_column_inner width=&#8221;1\/4&#8243;][vc_icon type=&#8221;material&#8221; icon_material=&#8221;vc-material vc-material-weekend&#8221; color=&#8221;peacoc&#8221; background_style=&#8221;rounded-outline&#8221; background_color=&#8221;peacoc&#8221; size=&#8221;xl&#8221; align=&#8221;center&#8221; css=&#8221;.vc_custom_1547423341405{margin-top: 30px !important;margin-bottom: 10px !important;}&#8221;][\/vc_column_inner][vc_column_inner width=&#8221;3\/4&#8243;][vc_custom_heading text=&#8221;Interior Design&#8221; font_container=&#8221;tag:h3|text_align:left&#8221; use_theme_fonts=&#8221;yes&#8221; css=&#8221;.vc_custom_1547424235721{margin-bottom: 0px !important;}&#8221;][vc_column_text]De perfect indeling, de perfecte manieren en objecten om je dromen te realizeren, de juiste verlichting om bepaalde punten te benadrukken, sterke details, mooie materialen en natuurlijk een vleugje Umbrie.<br \/>\nEr zijn oneindig veel mogelijkheden en soms is het moeilijk voor te stellen hoe iets uitpakt wanneer het enkel nog op papier bestaat. Met onze ervaring zijn we prima in staat een helpende hand te bieden, we will make it all happen![\/vc_column_text][\/vc_column_inner][\/vc_row_inner][vc_empty_space height=&#8221;25px&#8221;][vc_row_inner][vc_column_inner width=&#8221;1\/4&#8243;][vc_icon type=&#8221;material&#8221; icon_material=&#8221;vc-material vc-material-account_balance&#8221; color=&#8221;peacoc&#8221; background_style=&#8221;rounded-outline&#8221; background_color=&#8221;peacoc&#8221; size=&#8221;xl&#8221; align=&#8221;center&#8221; css=&#8221;.vc_custom_1547423355778{margin-top: 30px !important;margin-bottom: 10px !important;}&#8221;][\/vc_column_inner][vc_column_inner width=&#8221;3\/4&#8243;][vc_custom_heading text=&#8221;Cultureel Erfgoed&#8221; font_container=&#8221;tag:h3|text_align:left&#8221; use_theme_fonts=&#8221;yes&#8221; css=&#8221;.vc_custom_1547424245608{margin-bottom: 0px !important;}&#8221;][vc_column_text]Onze ervaring is niet beperkt tot huizen en horeca. Met een van de befaamde kerken van Assisi op onze lijst kunnen we stellen dat de ervaring die we daarmee hebben opgedaan ons bewustzijn van de verschillende mogelijkheden alsmede onze creativiteit en vaardigheid heeft verhoogd. Al onze uiteenlopende ervaringen passen we vervolgens toe om iets te scheppen or te renoveren, precies op maat voor onze klant![\/vc_column_text][\/vc_column_inner][\/vc_row_inner][vc_empty_space height=&#8221;25px&#8221;][vc_row_inner][vc_column_inner width=&#8221;1\/4&#8243;][vc_icon type=&#8221;material&#8221; icon_material=&#8221;vc-material vc-material-local_hotel&#8221; color=&#8221;peacoc&#8221; background_style=&#8221;rounded-outline&#8221; background_color=&#8221;peacoc&#8221; size=&#8221;xl&#8221; align=&#8221;center&#8221; css=&#8221;.vc_custom_1547423365761{margin-top: 30px !important;}&#8221;][\/vc_column_inner][vc_column_inner width=&#8221;3\/4&#8243;][vc_custom_heading text=&#8221;Horeca&#8221; font_container=&#8221;tag:h3|text_align:left&#8221; use_theme_fonts=&#8221;yes&#8221; css=&#8221;.vc_custom_1547424252015{margin-bottom: 0px !important;}&#8221;][vc_column_text css=&#8221;.vc_custom_1547424258934{margin-bottom: 0px !important;}&#8221;]Nu Umbri\u00eb steeds meer aandacht krijgt en als merk steeds sterker wordt groeit de vraag naar eigentijdse horeca gelegenheden. Van een bar, B&amp;B, restaurant of bijvoorbeeld boutique hotel verwacht de klant niet alleen geweldig eten en drinken maar ook modern comfort, stijlvol design alsook high tech snufjes. En dat is precies waar we goed in zijn dus aarzel niet om ons in te schakelen voor een nieuw trendy project![\/vc_column_text][\/vc_column_inner][\/vc_row_inner][vc_empty_space height=&#8221;25px&#8221;][vc_row_inner][vc_column_inner width=&#8221;1\/4&#8243;][vc_icon type=&#8221;material&#8221; icon_material=&#8221;vc-material vc-material-pool&#8221; color=&#8221;peacoc&#8221; background_style=&#8221;rounded-outline&#8221; background_color=&#8221;peacoc&#8221; size=&#8221;xl&#8221; align=&#8221;center&#8221; css=&#8221;.vc_custom_1547424464138{margin-top: 30px !important;}&#8221;][\/vc_column_inner][vc_column_inner width=&#8221;3\/4&#8243;][vc_custom_heading text=&#8221;Zwembad en tuin&#8221; font_container=&#8221;tag:h3|text_align:left&#8221; use_theme_fonts=&#8221;yes&#8221; css=&#8221;.vc_custom_1547424265667{margin-bottom: 0px !important;}&#8221;][vc_column_text]Het juiste zwembad in de juiste tuin voegt niet alleen veel woonplezier toe maar verhoogt eveneens de esthetische en financi\u00eble waarde van een object. De goede investering garandeert dat je optimaal geniet van je woning en een goede \u2018return on investment\u2019. Dit geldt voor zowel priv\u00e9-woningen als horeca en andere investeringsobjecten. Voor zowel het ontwerp als de uitvoering zijn wij graag van dienst.[\/vc_column_text][\/vc_column_inner][\/vc_row_inner][vc_empty_space height=&#8221;25px&#8221;][vc_row_inner][vc_column_inner width=&#8221;1\/4&#8243;][vc_icon icon_fontawesome=&#8221;fa fa-leaf&#8221; color=&#8221;peacoc&#8221; background_style=&#8221;rounded-outline&#8221; background_color=&#8221;peacoc&#8221; size=&#8221;xl&#8221; align=&#8221;center&#8221; css=&#8221;.vc_custom_1547424170069{margin-top: 30px !important;}&#8221;][\/vc_column_inner][vc_column_inner width=&#8221;3\/4&#8243;][vc_custom_heading text=&#8221;Eco Technologie&#8221; font_container=&#8221;tag:h3|text_align:left&#8221; use_theme_fonts=&#8221;yes&#8221; css=&#8221;.vc_custom_1547424271817{margin-bottom: 0px !important;}&#8221;][vc_column_text]De toekomst lijkt iedere dag weer een stap dichterbij en zo ook de technieken waar we jaren geleden enkel van konden dromen. Innovatieve verwarmingssystemen en materialen, zonnepanelen die aan het net gekoppeld zijn, warmtepompen met afstandbediening, isolatie mogelijkheden, noem het maar op en wij zorgen er voor! Om zo samen te werken aan het besparen op energie en verhogen van het comfort.[\/vc_column_text][\/vc_column_inner][\/vc_row_inner][vc_empty_space height=&#8221;25px&#8221;][vc_row_inner][vc_column_inner width=&#8221;1\/4&#8243;][vc_icon type=&#8221;material&#8221; icon_material=&#8221;vc-material vc-material-vpn_key&#8221; color=&#8221;peacoc&#8221; background_style=&#8221;rounded-outline&#8221; background_color=&#8221;peacoc&#8221; size=&#8221;xl&#8221; align=&#8221;center&#8221; css=&#8221;.vc_custom_1547423412210{margin-top: 30px !important;}&#8221;][\/vc_column_inner][vc_column_inner width=&#8221;3\/4&#8243;][vc_custom_heading text=&#8221;Kant en Klare Oplevering&#8221; font_container=&#8221;tag:h3|text_align:left&#8221; use_theme_fonts=&#8221;yes&#8221; css=&#8221;.vc_custom_1547424278227{margin-bottom: 0px !important;}&#8221;][vc_column_text]In het Engels zegt men ook wel \u2018turn key\u2019 oplevering en inderdaad dat is hoe het is. Wij leveren een project af met de sleutel in het slot en de eigenaar hoeft enkel de deur open te doen en te beginnen met wonen of het opzetten van zijn bedrijf. Onze groep is gericht op het verzorgen van alle mogelijk aspecten van bouwen of renoveren, vooraf en tijdens, van schets tot sleutel, welkom thuis![\/vc_column_text][\/vc_column_inner][\/vc_row_inner][vc_empty_space height=&#8221;25px&#8221;][vc_row_inner][vc_column_inner width=&#8221;1\/4&#8243;][vc_icon type=&#8221;entypo&#8221; icon_entypo=&#8221;entypo-icon entypo-icon-user&#8221; color=&#8221;peacoc&#8221; background_style=&#8221;rounded-outline&#8221; background_color=&#8221;peacoc&#8221; size=&#8221;xl&#8221; align=&#8221;center&#8221; css=&#8221;.vc_custom_1547424134209{margin-top: 30px !important;}&#8221;][\/vc_column_inner][vc_column_inner width=&#8221;3\/4&#8243;][vc_custom_heading text=&#8221;Klantvriendelijk&#8221; font_container=&#8221;tag:h3|text_align:left&#8221; use_theme_fonts=&#8221;yes&#8221; css=&#8221;.vc_custom_1547469844061{margin-bottom: 0px !important;}&#8221;][vc_column_text css=&#8221;.vc_custom_1547424284015{margin-bottom: 0px !important;}&#8221;]Ons werk bestaat uit het uitvoeren van de wens van onze klant. Wij luisteren naar onze klant om de wensen te kunnen doorgronden en niet enkel om een antwoord te kunnen geven. Het is nodig de klant te begrijpen om goed advies t e kunnen geven. Wij werken niet enkel voor de klant maar samen met de klant. Om te zorgen dat alle doelstellingen zo goeden accuraat mogelijk worden gerealiseerd.[\/vc_column_text][\/vc_column_inner][\/vc_row_inner][vc_empty_space height=&#8221;25px&#8221;][vc_row_inner][vc_column_inner width=&#8221;1\/4&#8243;][vc_icon type=&#8221;entypo&#8221; icon_entypo=&#8221;entypo-icon entypo-icon-help&#8221; color=&#8221;peacoc&#8221; background_style=&#8221;rounded-outline&#8221; background_color=&#8221;peacoc&#8221; size=&#8221;xl&#8221; align=&#8221;center&#8221; css=&#8221;.vc_custom_1547424124163{margin-top: 30px !important;}&#8221;][\/vc_column_inner][vc_column_inner width=&#8221;3\/4&#8243;][vc_custom_heading text=&#8221;Nazorg&#8221; font_container=&#8221;tag:h3|text_align:left&#8221; use_theme_fonts=&#8221;yes&#8221; css=&#8221;.vc_custom_1547424292043{margin-bottom: 0px !important;}&#8221;][vc_column_text]Voor de meeste cli\u00ebnten is een nieuw project een nieuwe start. Vaak hebben ze ook na de voltooiing van een project behoefte aan een betrouwbare partner. Voor assistentie, wijzigingen, garantie of onderhoud, of misschien zelfs een vervolg project. Een van onze sterke kanten is dat wij er zullen zijn voor onze klanten, dus ook na de oplevering blijven wij op de achtergrond aanwezig. Altijd.[\/vc_column_text][\/vc_column_inner][\/vc_row_inner][\/vc_column][\/vc_row]<\/p>\n","protected":false},"excerpt":{"rendered":"<p>[vc_row][vc_column css=&#8221;.vc_custom_1547682397578{margin-left: 30px !important;}&#8221;][vc_column_text]Bouwen in Umbri\u00eb omvat vrijwel altijd het gebruik van traditionele materialen zoals steen, bakstenen en houten balken alsmede &#8230;<\/p>\n","protected":false},"author":1,"featured_media":0,"parent":1281,"menu_order":0,"comment_status":"closed","ping_status":"closed","template":"","meta":[],"yoast_head":"<!-- This site is optimized with the Yoast SEO plugin v20.6 - https:\/\/yoast.com\/wordpress\/plugins\/seo\/ -->\n<title>Renovating in Umbria<\/title>\n<meta name=\"description\" content=\"Onze Expertise - Renovating in Umbria\" \/>\n<meta name=\"robots\" content=\"index, follow, max-snippet:-1, max-image-preview:large, max-video-preview:-1\" \/>\n<link rel=\"canonical\" href=\"https:\/\/renovatinginumbria.com\/nl\/over-ons\/onze-expertise\/\" \/>\n<meta property=\"og:locale\" content=\"nl_NL\" \/>\n<meta property=\"og:type\" content=\"article\" \/>\n<meta property=\"og:description\" content=\"Onze Expertise - Renovating in Umbria\" \/>\n<meta property=\"og:url\" content=\"https:\/\/renovatinginumbria.com\/nl\/over-ons\/onze-expertise\/\" \/>\n<meta property=\"og:site_name\" content=\"Renovating in Umbria\" \/>\n<meta property=\"article:publisher\" content=\"https:\/\/www.facebook.com\/renovatinginumbria\" \/>\n<meta property=\"article:modified_time\" content=\"2019-01-30T22:16:53+00:00\" \/>\n<meta name=\"twitter:card\" content=\"summary_large_image\" \/>\n<meta name=\"twitter:label1\" content=\"Geschatte leestijd\" \/>\n\t<meta name=\"twitter:data1\" content=\"7 minuten\" \/>\n<script type=\"application\/ld+json\" class=\"yoast-schema-graph\">{\"@context\":\"https:\/\/schema.org\",\"@graph\":[{\"@type\":\"WebPage\",\"@id\":\"https:\/\/renovatinginumbria.com\/nl\/over-ons\/onze-expertise\/\",\"url\":\"https:\/\/renovatinginumbria.com\/nl\/over-ons\/onze-expertise\/\",\"name\":\"\",\"isPartOf\":{\"@id\":\"https:\/\/renovatinginumbria.com\/#website\"},\"datePublished\":\"2019-01-21T13:59:52+00:00\",\"dateModified\":\"2019-01-30T22:16:53+00:00\",\"description\":\"Onze Expertise - Renovating in Umbria\",\"breadcrumb\":{\"@id\":\"https:\/\/renovatinginumbria.com\/nl\/over-ons\/onze-expertise\/#breadcrumb\"},\"inLanguage\":\"nl\",\"potentialAction\":[{\"@type\":\"ReadAction\",\"target\":[\"https:\/\/renovatinginumbria.com\/nl\/over-ons\/onze-expertise\/\"]}]},{\"@type\":\"BreadcrumbList\",\"@id\":\"https:\/\/renovatinginumbria.com\/nl\/over-ons\/onze-expertise\/#breadcrumb\",\"itemListElement\":[{\"@type\":\"ListItem\",\"position\":1,\"name\":\"Home\",\"item\":\"https:\/\/renovatinginumbria.com\/nl\/\"},{\"@type\":\"ListItem\",\"position\":2,\"name\":\"Over Ons\",\"item\":\"https:\/\/renovatinginumbria.com\/nl\/over-ons\/\"},{\"@type\":\"ListItem\",\"position\":3,\"name\":\"Onze Expertise\"}]},{\"@type\":\"WebSite\",\"@id\":\"https:\/\/renovatinginumbria.com\/#website\",\"url\":\"https:\/\/renovatinginumbria.com\/\",\"name\":\"Renovating in Umbria\",\"description\":\"Constructing and Renovating Houses and Ruins in Umbria and Tuscany, Italy\",\"publisher\":{\"@id\":\"https:\/\/renovatinginumbria.com\/#organization\"},\"potentialAction\":[{\"@type\":\"SearchAction\",\"target\":{\"@type\":\"EntryPoint\",\"urlTemplate\":\"https:\/\/renovatinginumbria.com\/?s={search_term_string}\"},\"query-input\":\"required name=search_term_string\"}],\"inLanguage\":\"nl\"},{\"@type\":\"Organization\",\"@id\":\"https:\/\/renovatinginumbria.com\/#organization\",\"name\":\"Renovating in Umbria\",\"url\":\"https:\/\/renovatinginumbria.com\/\",\"logo\":{\"@type\":\"ImageObject\",\"inLanguage\":\"nl\",\"@id\":\"https:\/\/renovatinginumbria.com\/#\/schema\/logo\/image\/\",\"url\":\"https:\/\/renovatinginumbria.com\/wp-content\/uploads\/2019\/01\/Logo-Renovating-in-Umbria-Phone-Retina-Icon.png\",\"contentUrl\":\"https:\/\/renovatinginumbria.com\/wp-content\/uploads\/2019\/01\/Logo-Renovating-in-Umbria-Phone-Retina-Icon.png\",\"width\":114,\"height\":114,\"caption\":\"Renovating in Umbria\"},\"image\":{\"@id\":\"https:\/\/renovatinginumbria.com\/#\/schema\/logo\/image\/\"},\"sameAs\":[\"https:\/\/www.facebook.com\/renovatinginumbria\",\"https:\/\/www.instagram.com\/renovatinginumbria\/\",\"https:\/\/www.pinterest.com\/renovatinginumb\/\",\"https:\/\/www.youtube.com\/channel\/UC6qgk1Wya7unXxZeZfTklUg\"]}]}<\/script>\n<!-- \/ Yoast SEO plugin. -->","yoast_head_json":{"title":"Renovating in Umbria","description":"Onze Expertise - Renovating in Umbria","robots":{"index":"index","follow":"follow","max-snippet":"max-snippet:-1","max-image-preview":"max-image-preview:large","max-video-preview":"max-video-preview:-1"},"canonical":"https:\/\/renovatinginumbria.com\/nl\/over-ons\/onze-expertise\/","og_locale":"nl_NL","og_type":"article","og_description":"Onze Expertise - Renovating in Umbria","og_url":"https:\/\/renovatinginumbria.com\/nl\/over-ons\/onze-expertise\/","og_site_name":"Renovating in Umbria","article_publisher":"https:\/\/www.facebook.com\/renovatinginumbria","article_modified_time":"2019-01-30T22:16:53+00:00","twitter_card":"summary_large_image","twitter_misc":{"Geschatte leestijd":"7 minuten"},"schema":{"@context":"https:\/\/schema.org","@graph":[{"@type":"WebPage","@id":"https:\/\/renovatinginumbria.com\/nl\/over-ons\/onze-expertise\/","url":"https:\/\/renovatinginumbria.com\/nl\/over-ons\/onze-expertise\/","name":"","isPartOf":{"@id":"https:\/\/renovatinginumbria.com\/#website"},"datePublished":"2019-01-21T13:59:52+00:00","dateModified":"2019-01-30T22:16:53+00:00","description":"Onze Expertise - Renovating in Umbria","breadcrumb":{"@id":"https:\/\/renovatinginumbria.com\/nl\/over-ons\/onze-expertise\/#breadcrumb"},"inLanguage":"nl","potentialAction":[{"@type":"ReadAction","target":["https:\/\/renovatinginumbria.com\/nl\/over-ons\/onze-expertise\/"]}]},{"@type":"BreadcrumbList","@id":"https:\/\/renovatinginumbria.com\/nl\/over-ons\/onze-expertise\/#breadcrumb","itemListElement":[{"@type":"ListItem","position":1,"name":"Home","item":"https:\/\/renovatinginumbria.com\/nl\/"},{"@type":"ListItem","position":2,"name":"Over Ons","item":"https:\/\/renovatinginumbria.com\/nl\/over-ons\/"},{"@type":"ListItem","position":3,"name":"Onze Expertise"}]},{"@type":"WebSite","@id":"https:\/\/renovatinginumbria.com\/#website","url":"https:\/\/renovatinginumbria.com\/","name":"Renovating in Umbria","description":"Constructing and Renovating Houses and Ruins in Umbria and Tuscany, Italy","publisher":{"@id":"https:\/\/renovatinginumbria.com\/#organization"},"potentialAction":[{"@type":"SearchAction","target":{"@type":"EntryPoint","urlTemplate":"https:\/\/renovatinginumbria.com\/?s={search_term_string}"},"query-input":"required name=search_term_string"}],"inLanguage":"nl"},{"@type":"Organization","@id":"https:\/\/renovatinginumbria.com\/#organization","name":"Renovating in Umbria","url":"https:\/\/renovatinginumbria.com\/","logo":{"@type":"ImageObject","inLanguage":"nl","@id":"https:\/\/renovatinginumbria.com\/#\/schema\/logo\/image\/","url":"https:\/\/renovatinginumbria.com\/wp-content\/uploads\/2019\/01\/Logo-Renovating-in-Umbria-Phone-Retina-Icon.png","contentUrl":"https:\/\/renovatinginumbria.com\/wp-content\/uploads\/2019\/01\/Logo-Renovating-in-Umbria-Phone-Retina-Icon.png","width":114,"height":114,"caption":"Renovating in Umbria"},"image":{"@id":"https:\/\/renovatinginumbria.com\/#\/schema\/logo\/image\/"},"sameAs":["https:\/\/www.facebook.com\/renovatinginumbria","https:\/\/www.instagram.com\/renovatinginumbria\/","https:\/\/www.pinterest.com\/renovatinginumb\/","https:\/\/www.youtube.com\/channel\/UC6qgk1Wya7unXxZeZfTklUg"]}]}},"_links":{"self":[{"href":"https:\/\/renovatinginumbria.com\/nl\/wp-json\/wp\/v2\/pages\/1317"}],"collection":[{"href":"https:\/\/renovatinginumbria.com\/nl\/wp-json\/wp\/v2\/pages"}],"about":[{"href":"https:\/\/renovatinginumbria.com\/nl\/wp-json\/wp\/v2\/types\/page"}],"author":[{"embeddable":true,"href":"https:\/\/renovatinginumbria.com\/nl\/wp-json\/wp\/v2\/users\/1"}],"replies":[{"embeddable":true,"href":"https:\/\/renovatinginumbria.com\/nl\/wp-json\/wp\/v2\/comments?post=1317"}],"version-history":[{"count":0,"href":"https:\/\/renovatinginumbria.com\/nl\/wp-json\/wp\/v2\/pages\/1317\/revisions"}],"up":[{"embeddable":true,"href":"https:\/\/renovatinginumbria.com\/nl\/wp-json\/wp\/v2\/pages\/1281"}],"wp:attachment":[{"href":"https:\/\/renovatinginumbria.com\/nl\/wp-json\/wp\/v2\/media?parent=1317"}],"curies":[{"name":"wp","href":"https:\/\/api.w.org\/{rel}","templated":true}]}}