{"id":1281,"date":"2019-01-21T13:55:24","date_gmt":"2019-01-21T13:55:24","guid":{"rendered":"https:\/\/test.renovatinginumbria.com\/over-ons\/"},"modified":"2019-01-30T22:16:18","modified_gmt":"2019-01-30T22:16:18","slug":"over-ons","status":"publish","type":"page","link":"https:\/\/renovatinginumbria.com\/nl\/over-ons\/","title":{"rendered":"Over Ons"},"content":{"rendered":"<p>[vc_row][vc_column css=&#8221;.vc_custom_1548038278725{margin-left: 30px !important;}&#8221;]\n\t<div class=\"custom-heading wpb_content_element \">\n\t\t<h2 class=\"heading-title\"  style=\"color: #004f77;\">Our Mission<\/h2>\n\t\t<span class=\"heading-line primary\"><\/span>\n\t<\/div>[vc_column_text]Wij willen het onze klant gemakkelijk en overzichtelijk maken: van de eerste schets tot de daadwerkelijke oplevering, alles geregeld door \u00e9\u00e9n team, \u00e9\u00e9n contactpersoon.[\/vc_column_text][vc_empty_space height=&#8221;5px&#8221;][\/vc_column][\/vc_row][vc_row][vc_column]\n\t<div class=\"custom-heading wpb_content_element  text-center\">\n\t\t<h2 class=\"heading-title\"  style=\"color: #004f77;\">The Team<\/h2>\n\t\t<span class=\"heading-line primary\"><\/span>\n\t<\/div>[\/vc_column][\/vc_row][vc_row padding_top=&#8221;20&#8243; padding_bottom=&#8221;40&#8243; padding_left=&#8221;30px&#8221;][vc_column width=&#8221;1\/3&#8243;][vc_single_image image=&#8221;1314&#8243; img_size=&#8221;600&#215;600&#8243;][vc_column_text]<\/p>\n<h3 style=\"margin-top: -25px; margin-bottom: 0px;\"><strong>Andrea Brunetti<\/strong><\/h3>\n<p><em>Geometra en Aannemer<\/em><\/p>\n<p>Andrea staat aan het roer van deze groep. Van contact met klanten tot ontwerpen, aannemers werk en after sales, Andrea is de aangewezen en persoon om alles in goede banen te leiden.[\/vc_column_text][\/vc_column][vc_column width=&#8221;1\/3&#8243;][vc_single_image image=&#8221;1304&#8243; img_size=&#8221;600&#215;600&#8243;][vc_column_text]<\/p>\n<h3 style=\"margin-top: -25px; margin-bottom: 0px;\"><strong>Fabrizio Pierelli<\/strong><\/h3>\n<p><em>Elektricien<\/em><\/p>\n<p>Fabrizio en zijn team zorgen voor alle elektra en geven met veel plezier kundig advies over hoe je een woning of bedrijf het beste uit kunt lichten, zowel binnen als buiten.[\/vc_column_text][\/vc_column][vc_column width=&#8221;1\/3&#8243;][vc_single_image image=&#8221;1292&#8243; img_size=&#8221;600&#215;600&#8243;][vc_column_text]<\/p>\n<h3 style=\"margin-top: -25px; margin-bottom: 0px;\"><strong>Massimo Bartocetti<\/strong><\/h3>\n<p><em>Loodgieter<\/em><\/p>\n<p>Samen met Mauro zorgt hij voor alle verwarming, air conditioning en loodgieterswerk van badkamers en keuken tot buitenkraan, zowel voor woningen als commerci\u00eble projecten.[\/vc_column_text][\/vc_column][\/vc_row][vc_row padding_bottom=&#8221;40&#8243; padding_left=&#8221;30&#8243;][vc_column width=&#8221;1\/3&#8243;][vc_single_image image=&#8221;1288&#8243; img_size=&#8221;600&#215;600&#8243;][vc_column_text]<\/p>\n<h3 style=\"margin-top: -25px; margin-bottom: 0px;\"><strong>Mauro Baglioni<\/strong><\/h3>\n<p><em>Loodgieter<\/em><\/p>\n<p>Mauro en Massimo gebruiken enkel de beste systemen van Daikin and Rotex, installeren zonnepanelen en verzorgen al het andere loodgieterswerk, zowel binnen als buiten.[\/vc_column_text][\/vc_column][vc_column width=&#8221;1\/3&#8243;][vc_single_image image=&#8221;1296&#8243; img_size=&#8221;600&#215;600&#8243;][vc_column_text]<\/p>\n<h3 style=\"margin-top: -25px; margin-bottom: 0px;\"><strong>Luciano Pascolini<\/strong><\/h3>\n<p><em>Timmerman<\/em><\/p>\n<p>Samen met Giuliano en hun team zal hij je verrassen met handgemaakte meubels, op maat gemaakte ramen en deuren, custom made objecten en alles natuurlijk van hoge kwaliteit.[\/vc_column_text][\/vc_column][vc_column width=&#8221;1\/3&#8243;][vc_single_image image=&#8221;1302&#8243; img_size=&#8221;600&#215;600&#8243;][vc_column_text]<\/p>\n<h3 style=\"margin-top: -25px; margin-bottom: 0px;\"><strong>Giuliano Pascolini<\/strong><\/h3>\n<p><em>Timmerman<\/em><\/p>\n<p>Advies over onderhoud en producten, creative inbreng, voor vloeren, plafonds, ramen, deuren, kasten, badkamers of een hele keuken, deze broers leveren niet dan puur vakwerk.[\/vc_column_text][\/vc_column][\/vc_row][vc_row padding_bottom=&#8221;40&#8243; padding_left=&#8221;30&#8243;][vc_column width=&#8221;1\/3&#8243;][vc_single_image image=&#8221;1298&#8243; img_size=&#8221;600&#215;600&#8243;][vc_column_text]<\/p>\n<h3 style=\"margin-top: -25px; margin-bottom: 0px;\"><strong>Mariano Rocchi<\/strong><\/h3>\n<p><em>Zwembadbouw<\/em><\/p>\n<p>Voor elk type en ontwerp zwembad, bij een priv\u00e9 woning of een horeca of accommodatie gelegenheid, dit is het juiste adres voor een zwembad, 38 jaar ervaring en schitterende resultaten.[\/vc_column_text][\/vc_column][vc_column width=&#8221;1\/3&#8243;][vc_single_image image=&#8221;1306&#8243; img_size=&#8221;600&#215;600&#8243;][vc_column_text]<\/p>\n<h3 style=\"margin-top: -25px; margin-bottom: 0px;\"><strong>Fausto Rocchi<\/strong><\/h3>\n<p><em>Zwembadbouw<\/em><\/p>\n<p>Fausto en Mariano weten precies hoe ze een droom naar de werkelijkheid kunnen vertalen, onderwijl een wakker oog houdend op budget, materialen, ontwerp en regelgeving.[\/vc_column_text][\/vc_column][vc_column width=&#8221;1\/3&#8243;][vc_single_image image=&#8221;1284&#8243; img_size=&#8221;600&#215;600&#8243;][vc_column_text]<\/p>\n<h3 style=\"margin-top: -25px; margin-bottom: 0px;\"><strong>Michela Ceccarelli<\/strong><\/h3>\n<p><em>Tuin Architect<\/em><\/p>\n<p>Als eigenaar van een kwekerij en ervaren ontwerpster heeft Michela alle gereedschappen en know-how om een prachtige en kleurrijke omgeving voor een huis of bedrijf en zwembad te kunnen cre\u00ebren.[\/vc_column_text][\/vc_column][\/vc_row][vc_row padding_bottom=&#8221;40&#8243; padding_left=&#8221;30&#8243;][vc_column width=&#8221;1\/3&#8243;][vc_single_image image=&#8221;1294&#8243; img_size=&#8221;600&#215;600&#8243;][vc_column_text]<\/p>\n<h3 style=\"margin-top: -25px; margin-bottom: 0px;\"><strong>Maurizio Toppetti<\/strong><\/h3>\n<p><em>Smid<\/em><\/p>\n<p>Handgemaakte deuren, ramen, bogen, trappen, leuningen, hekwerk, poorten, meubilair en meer! Maurizo kan ieder object in willekeurig welke stijl of ontwerp op maat gemaakt leveren.[\/vc_column_text][\/vc_column][vc_column width=&#8221;1\/3&#8243;][vc_single_image image=&#8221;1693&#8243; img_size=&#8221;600&#215;600&#8243;][vc_column_text]<\/p>\n<h3 style=\"margin-top: -25px; margin-bottom: 0px;\"><strong>Caroline van Agteren<\/strong><\/h3>\n<p><em>Klanten Contact en Coordinator<\/em><\/p>\n<p>Meertalig en met een achtergrond in rechten, horeca, onroerend goed en renoveren, Caroline is een uitstekende gids die voor alle partijen tegelijk het hoofd koel kan houden.[\/vc_column_text][\/vc_column][vc_column width=&#8221;1\/3&#8243;][vc_single_image image=&#8221;1312&#8243; img_size=&#8221;600&#215;600&#8243;][vc_column_text]<\/p>\n<h3 style=\"margin-top: -25px; margin-bottom: 0px;\"><strong>Enzo Masciolini<\/strong><\/h3>\n<p><em>Electrotechnicus<\/em><\/p>\n<p>Voor wie een generator, heavy duty gereedschap, pom, tuingereedschap, onderhoud of reparatie nodig heeft Enzo en zijn team zijn er klaar voor en vertegenwoordigen alle courante merken.[\/vc_column_text][\/vc_column][\/vc_row][vc_row padding_bottom=&#8221;40&#8243; padding_left=&#8221;30&#8243;][vc_column width=&#8221;1\/3&#8243;][vc_single_image image=&#8221;1308&#8243; img_size=&#8221;600&#215;600&#8243;][vc_column_text]<\/p>\n<h3 style=\"margin-top: -25px; margin-bottom: 0px;\"><strong>Carlo Riboni<\/strong><\/h3>\n<p><em>Web Solutions<\/em><\/p>\n<p>Voor high-tech zaken als on-line beveiligingscamera&#8217;s die je wereldwijd kunt bedienen is Carlo de aangewezen persoon. Als deel van de Maricom groep is &#8216;being connected&#8217; de nieuwe standaard.[\/vc_column_text][\/vc_column][vc_column width=&#8221;1\/3&#8243;][vc_single_image image=&#8221;1300&#8243; img_size=&#8221;600&#215;600&#8243;][vc_column_text]<\/p>\n<h3 style=\"margin-top: -25px; margin-bottom: 0px;\"><strong>Giorgio Paoletti<\/strong><\/h3>\n<p><em>Grondbewerking<\/em><\/p>\n<p>Giorgio en zijn mannen en machines deinzen niet terug voor het ruigere werk als grondbewerking, landscaping, graafwerkzaamheden, wegaanleg, omheiningen en transport.[\/vc_column_text][\/vc_column][vc_column width=&#8221;1\/3&#8243;][vc_single_image image=&#8221;1286&#8243; img_size=&#8221;med600x600ium&#8221;][vc_column_text]<\/p>\n<h3 style=\"margin-top: -25px; margin-bottom: 0px;\"><strong>Sergio Trentini<\/strong><\/h3>\n<p><em>Agronoom<\/em><\/p>\n<p>Sergio is een landbouw specialist en zorgt tevens voor het aanvragen van lokale en E.U. subsidies. Tevens geeft hij advies voor de aanleg van o.a. gewassen, wijngaarden en olijfgaarden.[\/vc_column_text][\/vc_column][\/vc_row][vc_row padding_bottom=&#8221;40&#8243; padding_left=&#8221;30&#8243;][vc_column width=&#8221;1\/3&#8243;][vc_single_image image=&#8221;1290&#8243; img_size=&#8221;600&#215;600&#8243;][vc_column_text]<\/p>\n<h3 style=\"margin-top: -25px; margin-bottom: 0px;\"><strong>Mario<\/strong><\/h3>\n<p><em>Glas Leverancier<\/em><\/p>\n<p>Mario levert glas voor vloeren, wanden, ramen, deuren, douchewanden, meubilair, custom objecten, alles van hoge kwaliteit en waar nodig volgens de geldende regels.[\/vc_column_text][\/vc_column][vc_column width=&#8221;1\/3&#8243;][vc_single_image image=&#8221;1282&#8243; img_size=&#8221;600&#215;600&#8243;][vc_column_text]<\/p>\n<h3 style=\"margin-top: -25px; margin-bottom: 0px;\"><strong>Masonry<\/strong><\/h3>\n<p><em>Metselaars<\/em><\/p>\n<p>Voor meerdere projecten tegelijkertijd beschikken we natuurlijk over meerdere bouwploegen, allemaal bestaande uit fijne en bekwame mensen, met een ongekende passie voor hun werk. [\/vc_column_text][\/vc_column][\/vc_row]<\/p>\n","protected":false},"excerpt":{"rendered":"<p>[vc_row][vc_column css=&#8221;.vc_custom_1548038278725{margin-left: 30px !important;}&#8221;][vc_column_text]Wij willen het onze klant gemakkelijk en overzichtelijk maken: van de eerste schets tot de daadwerkelijke oplevering, alles &#8230;<\/p>\n","protected":false},"author":1,"featured_media":0,"parent":0,"menu_order":0,"comment_status":"closed","ping_status":"closed","template":"","meta":[],"yoast_head":"<!-- This site is optimized with the Yoast SEO plugin v20.6 - https:\/\/yoast.com\/wordpress\/plugins\/seo\/ -->\n<title>Renovating in Umbria<\/title>\n<meta name=\"description\" content=\"Over Ons - Renovating in Umbria\" \/>\n<meta name=\"robots\" content=\"index, follow, max-snippet:-1, max-image-preview:large, max-video-preview:-1\" \/>\n<link rel=\"canonical\" href=\"https:\/\/renovatinginumbria.com\/nl\/over-ons\/\" \/>\n<meta property=\"og:locale\" content=\"nl_NL\" \/>\n<meta property=\"og:type\" content=\"article\" \/>\n<meta property=\"og:description\" content=\"Over Ons - Renovating in Umbria\" \/>\n<meta property=\"og:url\" content=\"https:\/\/renovatinginumbria.com\/nl\/over-ons\/\" \/>\n<meta property=\"og:site_name\" content=\"Renovating in Umbria\" \/>\n<meta property=\"article:publisher\" content=\"https:\/\/www.facebook.com\/renovatinginumbria\" \/>\n<meta property=\"article:modified_time\" content=\"2019-01-30T22:16:18+00:00\" \/>\n<meta name=\"twitter:card\" content=\"summary_large_image\" \/>\n<meta name=\"twitter:label1\" content=\"Geschatte leestijd\" \/>\n\t<meta name=\"twitter:data1\" content=\"5 minuten\" \/>\n<script type=\"application\/ld+json\" class=\"yoast-schema-graph\">{\"@context\":\"https:\/\/schema.org\",\"@graph\":[{\"@type\":\"WebPage\",\"@id\":\"https:\/\/renovatinginumbria.com\/nl\/over-ons\/\",\"url\":\"https:\/\/renovatinginumbria.com\/nl\/over-ons\/\",\"name\":\"\",\"isPartOf\":{\"@id\":\"https:\/\/renovatinginumbria.com\/#website\"},\"datePublished\":\"2019-01-21T13:55:24+00:00\",\"dateModified\":\"2019-01-30T22:16:18+00:00\",\"description\":\"Over Ons - Renovating in Umbria\",\"breadcrumb\":{\"@id\":\"https:\/\/renovatinginumbria.com\/nl\/over-ons\/#breadcrumb\"},\"inLanguage\":\"nl\",\"potentialAction\":[{\"@type\":\"ReadAction\",\"target\":[\"https:\/\/renovatinginumbria.com\/nl\/over-ons\/\"]}]},{\"@type\":\"BreadcrumbList\",\"@id\":\"https:\/\/renovatinginumbria.com\/nl\/over-ons\/#breadcrumb\",\"itemListElement\":[{\"@type\":\"ListItem\",\"position\":1,\"name\":\"Home\",\"item\":\"https:\/\/renovatinginumbria.com\/nl\/\"},{\"@type\":\"ListItem\",\"position\":2,\"name\":\"Over Ons\"}]},{\"@type\":\"WebSite\",\"@id\":\"https:\/\/renovatinginumbria.com\/#website\",\"url\":\"https:\/\/renovatinginumbria.com\/\",\"name\":\"Renovating in Umbria\",\"description\":\"Constructing and Renovating Houses and Ruins in Umbria and Tuscany, Italy\",\"publisher\":{\"@id\":\"https:\/\/renovatinginumbria.com\/#organization\"},\"potentialAction\":[{\"@type\":\"SearchAction\",\"target\":{\"@type\":\"EntryPoint\",\"urlTemplate\":\"https:\/\/renovatinginumbria.com\/?s={search_term_string}\"},\"query-input\":\"required name=search_term_string\"}],\"inLanguage\":\"nl\"},{\"@type\":\"Organization\",\"@id\":\"https:\/\/renovatinginumbria.com\/#organization\",\"name\":\"Renovating in Umbria\",\"url\":\"https:\/\/renovatinginumbria.com\/\",\"logo\":{\"@type\":\"ImageObject\",\"inLanguage\":\"nl\",\"@id\":\"https:\/\/renovatinginumbria.com\/#\/schema\/logo\/image\/\",\"url\":\"https:\/\/renovatinginumbria.com\/wp-content\/uploads\/2019\/01\/Logo-Renovating-in-Umbria-Phone-Retina-Icon.png\",\"contentUrl\":\"https:\/\/renovatinginumbria.com\/wp-content\/uploads\/2019\/01\/Logo-Renovating-in-Umbria-Phone-Retina-Icon.png\",\"width\":114,\"height\":114,\"caption\":\"Renovating in Umbria\"},\"image\":{\"@id\":\"https:\/\/renovatinginumbria.com\/#\/schema\/logo\/image\/\"},\"sameAs\":[\"https:\/\/www.facebook.com\/renovatinginumbria\",\"https:\/\/www.instagram.com\/renovatinginumbria\/\",\"https:\/\/www.pinterest.com\/renovatinginumb\/\",\"https:\/\/www.youtube.com\/channel\/UC6qgk1Wya7unXxZeZfTklUg\"]}]}<\/script>\n<!-- \/ Yoast SEO plugin. -->","yoast_head_json":{"title":"Renovating in Umbria","description":"Over Ons - Renovating in Umbria","robots":{"index":"index","follow":"follow","max-snippet":"max-snippet:-1","max-image-preview":"max-image-preview:large","max-video-preview":"max-video-preview:-1"},"canonical":"https:\/\/renovatinginumbria.com\/nl\/over-ons\/","og_locale":"nl_NL","og_type":"article","og_description":"Over Ons - Renovating in Umbria","og_url":"https:\/\/renovatinginumbria.com\/nl\/over-ons\/","og_site_name":"Renovating in Umbria","article_publisher":"https:\/\/www.facebook.com\/renovatinginumbria","article_modified_time":"2019-01-30T22:16:18+00:00","twitter_card":"summary_large_image","twitter_misc":{"Geschatte leestijd":"5 minuten"},"schema":{"@context":"https:\/\/schema.org","@graph":[{"@type":"WebPage","@id":"https:\/\/renovatinginumbria.com\/nl\/over-ons\/","url":"https:\/\/renovatinginumbria.com\/nl\/over-ons\/","name":"","isPartOf":{"@id":"https:\/\/renovatinginumbria.com\/#website"},"datePublished":"2019-01-21T13:55:24+00:00","dateModified":"2019-01-30T22:16:18+00:00","description":"Over Ons - Renovating in Umbria","breadcrumb":{"@id":"https:\/\/renovatinginumbria.com\/nl\/over-ons\/#breadcrumb"},"inLanguage":"nl","potentialAction":[{"@type":"ReadAction","target":["https:\/\/renovatinginumbria.com\/nl\/over-ons\/"]}]},{"@type":"BreadcrumbList","@id":"https:\/\/renovatinginumbria.com\/nl\/over-ons\/#breadcrumb","itemListElement":[{"@type":"ListItem","position":1,"name":"Home","item":"https:\/\/renovatinginumbria.com\/nl\/"},{"@type":"ListItem","position":2,"name":"Over Ons"}]},{"@type":"WebSite","@id":"https:\/\/renovatinginumbria.com\/#website","url":"https:\/\/renovatinginumbria.com\/","name":"Renovating in Umbria","description":"Constructing and Renovating Houses and Ruins in Umbria and Tuscany, Italy","publisher":{"@id":"https:\/\/renovatinginumbria.com\/#organization"},"potentialAction":[{"@type":"SearchAction","target":{"@type":"EntryPoint","urlTemplate":"https:\/\/renovatinginumbria.com\/?s={search_term_string}"},"query-input":"required name=search_term_string"}],"inLanguage":"nl"},{"@type":"Organization","@id":"https:\/\/renovatinginumbria.com\/#organization","name":"Renovating in Umbria","url":"https:\/\/renovatinginumbria.com\/","logo":{"@type":"ImageObject","inLanguage":"nl","@id":"https:\/\/renovatinginumbria.com\/#\/schema\/logo\/image\/","url":"https:\/\/renovatinginumbria.com\/wp-content\/uploads\/2019\/01\/Logo-Renovating-in-Umbria-Phone-Retina-Icon.png","contentUrl":"https:\/\/renovatinginumbria.com\/wp-content\/uploads\/2019\/01\/Logo-Renovating-in-Umbria-Phone-Retina-Icon.png","width":114,"height":114,"caption":"Renovating in Umbria"},"image":{"@id":"https:\/\/renovatinginumbria.com\/#\/schema\/logo\/image\/"},"sameAs":["https:\/\/www.facebook.com\/renovatinginumbria","https:\/\/www.instagram.com\/renovatinginumbria\/","https:\/\/www.pinterest.com\/renovatinginumb\/","https:\/\/www.youtube.com\/channel\/UC6qgk1Wya7unXxZeZfTklUg"]}]}},"_links":{"self":[{"href":"https:\/\/renovatinginumbria.com\/nl\/wp-json\/wp\/v2\/pages\/1281"}],"collection":[{"href":"https:\/\/renovatinginumbria.com\/nl\/wp-json\/wp\/v2\/pages"}],"about":[{"href":"https:\/\/renovatinginumbria.com\/nl\/wp-json\/wp\/v2\/types\/page"}],"author":[{"embeddable":true,"href":"https:\/\/renovatinginumbria.com\/nl\/wp-json\/wp\/v2\/users\/1"}],"replies":[{"embeddable":true,"href":"https:\/\/renovatinginumbria.com\/nl\/wp-json\/wp\/v2\/comments?post=1281"}],"version-history":[{"count":0,"href":"https:\/\/renovatinginumbria.com\/nl\/wp-json\/wp\/v2\/pages\/1281\/revisions"}],"wp:attachment":[{"href":"https:\/\/renovatinginumbria.com\/nl\/wp-json\/wp\/v2\/media?parent=1281"}],"curies":[{"name":"wp","href":"https:\/\/api.w.org\/{rel}","templated":true}]}}